{"id":23350,"date":"2020-03-02T10:27:05","date_gmt":"2020-03-02T10:27:05","guid":{"rendered":"https:\/\/sanadalamanllc.com\/contact-us\/"},"modified":"2026-01-05T19:53:13","modified_gmt":"2026-01-05T19:53:13","slug":"contact-us","status":"publish","type":"page","link":"https:\/\/sanadalamanllc.com\/fr\/contact-us\/","title":{"rendered":"Contactez nous"},"content":{"rendered":"\t\t<div data-elementor-type=\"wp-page\" data-elementor-id=\"23350\" class=\"elementor elementor-23350 elementor-16941\" data-elementor-post-type=\"page\">\n\t\t\t\t\t\t<section class=\"elementor-section elementor-top-section elementor-element elementor-element-495bef0 elementor-section-height-min-height elementor-section-boxed elementor-section-height-default elementor-section-items-middle wpr-particle-no wpr-jarallax-no wpr-parallax-no wpr-sticky-section-no wpr-equal-height-no\" data-id=\"495bef0\" data-element_type=\"section\" data-e-type=\"section\" data-settings=\"{&quot;background_background&quot;:&quot;classic&quot;}\">\n\t\t\t\t\t\t\t<div class=\"elementor-background-overlay\"><\/div>\n\t\t\t\t\t\t\t<div class=\"elementor-container elementor-column-gap-default\">\n\t\t\t\t\t<div class=\"elementor-column elementor-col-100 elementor-top-column elementor-element elementor-element-e0d28a0\" data-id=\"e0d28a0\" data-element_type=\"column\" data-e-type=\"column\">\n\t\t\t<div class=\"elementor-widget-wrap\">\n\t\t\t\t\t\t\t<\/div>\n\t\t<\/div>\n\t\t\t\t\t<\/div>\n\t\t<\/section>\n\t\t<div class=\"elementor-element elementor-element-7ad5a04c e-flex e-con-boxed wpr-particle-no wpr-jarallax-no wpr-parallax-no wpr-sticky-section-no wpr-equal-height-no e-con e-parent\" data-id=\"7ad5a04c\" data-element_type=\"container\" data-e-type=\"container\">\n\t\t\t\t\t<div class=\"e-con-inner\">\n\t\t<div class=\"elementor-element elementor-element-56912eaf e-con-full e-flex wpr-particle-no wpr-jarallax-no wpr-parallax-no wpr-sticky-section-no wpr-equal-height-no e-con e-child\" data-id=\"56912eaf\" data-element_type=\"container\" data-e-type=\"container\">\n\t\t<div class=\"elementor-element elementor-element-72f41464 e-con-full e-flex wpr-particle-no wpr-jarallax-no wpr-parallax-no wpr-sticky-section-no wpr-equal-height-no elementor-invisible e-con e-child\" data-id=\"72f41464\" data-element_type=\"container\" data-e-type=\"container\" data-settings=\"{&quot;animation&quot;:&quot;fadeIn&quot;}\">\n\t\t\t\t<div class=\"elementor-element elementor-element-7552c56f elementor-widget elementor-widget-heading\" data-id=\"7552c56f\" data-element_type=\"widget\" data-e-type=\"widget\" data-widget_type=\"heading.default\">\n\t\t\t\t\t<h2 class=\"elementor-heading-title elementor-size-default\">Laissez vos coordonn\u00e9es et l'\u00e9quipe de Sanad Al-Aman Real Estate vous contactera.<\/h2>\t\t\t\t<\/div>\n\t\t\t\t<div class=\"elementor-element elementor-element-130bbcd7 animated-fast elementor-widget__width-initial elementor-invisible elementor-widget elementor-widget-text-editor\" data-id=\"130bbcd7\" data-element_type=\"widget\" data-e-type=\"widget\" data-settings=\"{&quot;_animation&quot;:&quot;fadeInUp&quot;,&quot;_animation_delay&quot;:250}\" data-widget_type=\"text-editor.default\">\n\t\t\t\t\t\t\t\t\t<p data-start=\"373\" data-end=\"536\"><span dir=\"auto\" style=\"vertical-align: inherit;\"><span dir=\"auto\" style=\"vertical-align: inherit;\"><span dir=\"auto\" style=\"vertical-align: inherit;\"><span dir=\"auto\" style=\"vertical-align: inherit;\"><span dir=\"auto\" style=\"vertical-align: inherit;\"><span dir=\"auto\" style=\"vertical-align: inherit;\">Notre \u00e9quipe est pr\u00eate \u00e0 r\u00e9pondre \u00e0 toutes vos questions concernant les projets immobiliers, les plans de paiement et les offres sp\u00e9ciales. Laissez-nous vos coordonn\u00e9es et nous vous contacterons dans les plus brefs d\u00e9lais.<\/span><\/span><\/span><\/span><\/span><\/span><\/p>\t\t\t\t\t\t\t\t<\/div>\n\t\t<div class=\"elementor-element elementor-element-3ace158 e-con-full e-flex wpr-particle-no wpr-jarallax-no wpr-parallax-no wpr-sticky-section-no wpr-equal-height-no e-con e-child\" data-id=\"3ace158\" data-element_type=\"container\" data-e-type=\"container\">\n\t\t\t\t<div class=\"elementor-element elementor-element-3a64c18 elementor-tablet-button-align-stretch elementor-button-align-stretch elementor-widget elementor-widget-houzez_elementor_inquiry_form\" data-id=\"3a64c18\" data-element_type=\"widget\" data-e-type=\"widget\" data-widget_type=\"houzez_elementor_inquiry_form.default\">\n\t\t\t\t<div class=\"elementor-widget-container\">\n\t\t\t\t\t\n        <script type=\"application\/javascript\">\n            jQuery(document).bind(\"ready\", function () {\n                houzezValidateElementor(\"#houzez-form-3a64c18\" );\n            });\n        <\/script>\n\n\n        <form class=\"elementor-form houzez-ele-form-js\" id=\"houzez-form-3a64c18\" method=\"post\" name=\"New Form\" action=\"https:\/\/sanadalamanllc.com\/wp-admin\/admin-ajax.php\">\n            <input type=\"hidden\" name=\"form_id\" value=\"3a64c18\"\/>\n            <input type=\"hidden\" name=\"action\" value=\"houzez_ele_inquiry_form\" \/>\n            <input type=\"hidden\" name=\"source_link\" value=\"https:\/\/sanadalamanllc.com\/fr\/contact-us\/\" \/>\n            <input type=\"hidden\" name=\"lead_page_id\" value=\"23350\" \/>\n            <input type=\"hidden\" name=\"is_estimation\" value=\"yes\" \/>\n            <input type=\"hidden\" name=\"webhook\" value=\"\" \/>\n            <input type=\"hidden\" name=\"webhook_url\" value=\"\" \/>\n            <input type=\"hidden\" name=\"redirect_to\" value=\"\" \/>\n            <input type=\"hidden\" name=\"google_recaptcha\" value=\"\" \/>\n\n            <div class=\"elementor-form-fields-wrapper elementor-labels-above\">\n\n                                    <div class=\"elementor-field-group elementor-column form-group elementor-field-group-ac32e68 elementor-col-50 elementor-md-50 elementor-field-required\">\n                    <label for=\"form-field-ac32e68\" class=\"form-label elementor-field-label elementor-screen-only\">&nbsp;<\/label><input type=\"text\" name=\"first_name\" id=\"form-field-ac32e68\" class=\"elementor-field form-control elementor-size-md elementor-field-textual\" placeholder=\"premier nom\" title=\"* premier nom\" required=\"required\">                    <\/div>\n\n                                        <div class=\"elementor-field-group elementor-column form-group elementor-field-group-7304c05 elementor-col-50 elementor-md-50 elementor-field-required\">\n                    <label for=\"form-field-7304c05\" class=\"form-label elementor-field-label elementor-screen-only\">&nbsp;<\/label><input type=\"text\" name=\"last_name\" id=\"form-field-7304c05\" class=\"elementor-field form-control elementor-size-md elementor-field-textual\" placeholder=\"nom de famille\" title=\"* nom de famille\" required=\"required\">                    <\/div>\n\n                                        <div class=\"elementor-field-group elementor-column form-group elementor-field-group-7b74074 elementor-col-66 elementor-md-33 elementor-field-required\">\n                    <input type=\"email\" name=\"email\" id=\"form-field-7b74074\" class=\"elementor-field form-control elementor-size-md elementor-field-textual\" placeholder=\"adresse e-mail\" title=\"* adresse e-mail\" required=\"required\">                    <\/div>\n\n                                        <div class=\"elementor-field-group elementor-column form-group elementor-field-group-e92d2c5 elementor-col-33 elementor-md-33 elementor-field-required\">\n                    <input type=\"text\" name=\"mobile\" id=\"form-field-e92d2c5\" class=\"elementor-field form-control elementor-size-md elementor-field-textual\" placeholder=\"num\u00e9ro de t\u00e9l\u00e9phone\" title=\"* num\u00e9ro de t\u00e9l\u00e9phone\" required=\"required\">                    <\/div>\n\n                                        <div class=\"elementor-field-group elementor-column form-group elementor-field-group-08ee178 elementor-col-50 elementor-field-required\">\n                    <label for=\"form-field-08ee178\" class=\"form-label elementor-field-label elementor-screen-only\">\u0645\u0639\u0644\u0648\u0645\u0627\u062a \u0627\u0644\u0645\u0644\u0643\u064a\u0629<\/label>        <div class=\"elementor-field elementor-select-wrapper\">\n            <select name=\"e_meta[property_type]\" id=\"form-field-08ee178\" class=\"elementor-field-textual form-control elementor-size-md\" required=\"required\" title=\"* \u0645\u0639\u0644\u0648\u0645\u0627\u062a \u0627\u0644\u0645\u0644\u0643\u064a\u0629\">\n                <option value=\"\">type de drogue<\/option><option value=\"apparts\"> apparts<\/option><option value=\"bureaux\"> bureaux<\/option><option value=\"duplex\"> duplex<\/option><option value=\"etages-complets\"> \u00c9tages complets<\/option><option value=\"hotel-appartements\"> H\u00f4tel-Appartements<\/option><option value=\"magasins\"> magasins<\/option><option value=\"palais\"> palais<\/option><option value=\"penthouses\"> penthouses<\/option><option value=\"rangee\"> rang\u00e9e<\/option><option value=\"studios\"> studios<\/option><option value=\"terrain-residentiel\"> Terrain r\u00e9sidentiel<\/option><option value=\"territoire\"> territoire<\/option><option value=\"unites\"> unit\u00e9s<\/option><option value=\"villas\"> villas<\/option>            <\/select>\n        <\/div>\n                            <\/div>\n\n                                        <div class=\"elementor-field-group elementor-column form-group elementor-field-group-5e7d721 elementor-col-50 elementor-md-33\">\n                    <label for=\"form-field-5e7d721\" class=\"form-label elementor-field-label elementor-screen-only\">&nbsp;<\/label>        <div class=\"elementor-field elementor-select-wrapper\">\n            <select name=\"e_meta[city]\" id=\"form-field-5e7d721\" class=\"elementor-field-textual form-control elementor-size-md\">\n                <option value=\"\">ville<\/option><option data-ref=\"abodhabi\" data-belong=\"\" value=\"abodhabi\"> Abu Dhabi<\/option><option data-ref=\"ajmann\" data-belong=\"\" value=\"ajmann\"> Ajman<\/option><option data-ref=\"aleayin\" data-belong=\"\" value=\"aleayin\"> Al Ain<\/option><option data-ref=\"charjah\" data-belong=\"\" value=\"charjah\"> Charjah<\/option><option data-ref=\"doubai\" data-belong=\"\" value=\"doubai\"> Douba\u00ef<\/option><option data-ref=\"fujairah\" data-belong=\"\" value=\"fujairah\"> Fujairah<\/option><option data-ref=\"oumm-al-qaiwain\" data-belong=\"\" value=\"oumm-al-qaiwain\"> Oumm al-Qa\u00efwa\u00efn<\/option><option data-ref=\"ras-khaimah\" data-belong=\"\" value=\"ras-khaimah\"> Ras Al Khaimah<\/option>            <\/select>\n        <\/div>\n                            <\/div>\n\n                                        <div class=\"elementor-field-group elementor-column form-group elementor-field-group-c3053de elementor-col-33 elementor-field-required\">\n                    <input type=\"number\" name=\"e_meta[beds]\" id=\"form-field-c3053de\" class=\"elementor-field form-control elementor-size-md elementor-field-textual\" placeholder=\"chambre \u00e0 coucher\" title=\"* chambre \u00e0 coucher\" required=\"required\" min=\"0\">                    <\/div>\n\n                                        <div class=\"elementor-field-group elementor-column form-group elementor-field-group-ca559d7 elementor-col-33 elementor-field-required\">\n                    <input type=\"number\" name=\"e_meta[baths]\" id=\"form-field-ca559d7\" class=\"elementor-field form-control elementor-size-md elementor-field-textual\" placeholder=\"toilettes\" title=\"* toilettes\" required=\"required\" min=\"0\">                    <\/div>\n\n                                        <div class=\"elementor-field-group elementor-column form-group elementor-field-group-3dbb366 elementor-col-33 elementor-field-required\">\n                    <input type=\"number\" name=\"e_meta[price]\" id=\"form-field-3dbb366\" class=\"elementor-field form-control elementor-size-md elementor-field-textual\" placeholder=\"votre budget\" title=\"* votre budget\" required=\"required\" min=\"0\">                    <\/div>\n\n                    \n                    \n                    \n                    \n                    \n                    <div class=\"elementor-field-group elementor-column elementor-field-type-submit elementor-col-100 elementor-md-100\">\n                    <button type=\"submit\" class=\"houzez-submit-button houzez-contact-form-js elementor-button elementor-size-md elementor-animation-wobble-skew\">\n                        <i class=\"houzez-loader-js houzez-hidden spinner-border spinner-border-sm\"><\/i>\n                                                    envoyer un message                                            <\/button>\n                <\/div>\n            <\/div><!-- End wrapper-->\n            <br\/>\n            <div class=\"ele-form-messages\"><\/div>\n            <div class=\"error-container\"><\/div>\n\n        <\/form>\n\n    \t\t\t\t<\/div>\n\t\t\t\t<\/div>\n\t\t\t\t<\/div>\n\t\t\t\t<\/div>\n\t\t\t\t<\/div>\n\t\t\t\t\t<\/div>\n\t\t\t\t<\/div>\n\t\t\t\t<\/div>\n\t\t","protected":false},"excerpt":{"rendered":"<p>Laissez vos coordonn\u00e9es et l&#8217;\u00e9quipe de Sanad Al-Aman Real Estate vous contactera. Notre \u00e9quipe est pr\u00eate \u00e0 r\u00e9pondre \u00e0 toutes vos questions concernant les projets immobiliers, les plans de paiement et les offres sp\u00e9ciales. Laissez-nous vos coordonn\u00e9es et nous vous contacterons dans les plus brefs d\u00e9lais. &nbsp; &nbsp; \u0645\u0639\u0644\u0648\u0645\u0627\u062a \u0627\u0644\u0645\u0644\u0643\u064a\u0629 type de drogue apartments duplex entire floors hotel-apartments office palace penthouses residential plots shops studios territory townhouse units villa &nbsp; ville Abu Dhabi Ajman Al Ain Al-Fujairah Dubai Ras al-Khaimah Sharjah Umm al-Quwain envoyer un message<\/p>\n","protected":false},"author":1,"featured_media":0,"parent":0,"menu_order":0,"comment_status":"closed","ping_status":"closed","template":"template\/template-homepage.php","meta":{"footnotes":""},"class_list":["post-23350","page","type-page","status-publish","hentry"],"_links":{"self":[{"href":"https:\/\/sanadalamanllc.com\/fr\/wp-json\/wp\/v2\/pages\/23350","targetHints":{"allow":["GET"]}}],"collection":[{"href":"https:\/\/sanadalamanllc.com\/fr\/wp-json\/wp\/v2\/pages"}],"about":[{"href":"https:\/\/sanadalamanllc.com\/fr\/wp-json\/wp\/v2\/types\/page"}],"author":[{"embeddable":true,"href":"https:\/\/sanadalamanllc.com\/fr\/wp-json\/wp\/v2\/users\/1"}],"replies":[{"embeddable":true,"href":"https:\/\/sanadalamanllc.com\/fr\/wp-json\/wp\/v2\/comments?post=23350"}],"version-history":[{"count":4,"href":"https:\/\/sanadalamanllc.com\/fr\/wp-json\/wp\/v2\/pages\/23350\/revisions"}],"predecessor-version":[{"id":23801,"href":"https:\/\/sanadalamanllc.com\/fr\/wp-json\/wp\/v2\/pages\/23350\/revisions\/23801"}],"wp:attachment":[{"href":"https:\/\/sanadalamanllc.com\/fr\/wp-json\/wp\/v2\/media?parent=23350"}],"curies":[{"name":"wp","href":"https:\/\/api.w.org\/{rel}","templated":true}]}}